{"id":1059,"date":"2022-02-15T09:56:04","date_gmt":"2022-02-15T08:56:04","guid":{"rendered":"https:\/\/www.phlsoft.com\/wer-sind-wir\/"},"modified":"2025-09-08T15:37:55","modified_gmt":"2025-09-08T13:37:55","slug":"wer-sind-wir","status":"publish","type":"page","link":"https:\/\/www.phlsoft.com\/de\/wer-sind-wir\/","title":{"rendered":"Wer sind wir?"},"content":{"rendered":"<p>[et_pb_section fb_built=&#8220;1&#8243; admin_label=&#8220;Header&#8220; _builder_version=&#8220;4.16&#8243; custom_width_px__hover=&#8220;1080px&#8220; custom_width_px__hover_enabled=&#8220;1080px&#8220; custom_width_percent__hover=&#8220;80%&#8220; custom_width_percent__hover_enabled=&#8220;80%&#8220; locked=&#8220;off&#8220; global_colors_info=&#8220;{}&#8220; parallax_1__hover=&#8220;off&#8220; parallax_1__hover_enabled=&#8220;off&#8220; parallax_2__hover=&#8220;off&#8220; parallax_2__hover_enabled=&#8220;off&#8220; parallax_3__hover=&#8220;off&#8220; parallax_3__hover_enabled=&#8220;off&#8220; parallax_method_1__hover=&#8220;on&#8220; parallax_method_1__hover_enabled=&#8220;on&#8220; parallax_method_2__hover=&#8220;on&#8220; parallax_method_2__hover_enabled=&#8220;on&#8220; parallax_method_3__hover=&#8220;on&#8220; parallax_method_3__hover_enabled=&#8220;on&#8220; use_background_color_gradient__hover=&#8220;off&#8220; use_background_color_gradient__hover_enabled=&#8220;off&#8220; background_color_gradient_start__hover=&#8220;#2b87da&#8220; background_color_gradient_start__hover_enabled=&#8220;#2b87da&#8220; background_color_gradient_end__hover=&#8220;#29c4a9&#8243; background_color_gradient_end__hover_enabled=&#8220;#29c4a9&#8243; background_color_gradient_type__hover=&#8220;linear&#8220; background_color_gradient_type__hover_enabled=&#8220;linear&#8220; background_color_gradient_direction__hover=&#8220;180deg&#8220; background_color_gradient_direction__hover_enabled=&#8220;180deg&#8220; background_color_gradient_direction_radial__hover=&#8220;center&#8220; background_color_gradient_direction_radial__hover_enabled=&#8220;center&#8220; background_color_gradient_start_position__hover=&#8220;0%&#8220; background_color_gradient_start_position__hover_enabled=&#8220;0%&#8220; background_color_gradient_end_position__hover=&#8220;100%&#8220; background_color_gradient_end_position__hover_enabled=&#8220;100%&#8220; background_color_gradient_overlays_image__hover=&#8220;off&#8220; background_color_gradient_overlays_image__hover_enabled=&#8220;off&#8220; parallax__hover=&#8220;off&#8220; parallax__hover_enabled=&#8220;off&#8220; parallax_method__hover=&#8220;on&#8220; parallax_method__hover_enabled=&#8220;on&#8220; background_size__hover=&#8220;cover&#8220; background_size__hover_enabled=&#8220;cover&#8220; background_position__hover=&#8220;center&#8220; background_position__hover_enabled=&#8220;center&#8220; background_repeat__hover=&#8220;no-repeat&#8220; background_repeat__hover_enabled=&#8220;no-repeat&#8220; background_blend__hover=&#8220;normal&#8220; background_blend__hover_enabled=&#8220;normal&#8220; allow_player_pause__hover=&#8220;off&#8220; allow_player_pause__hover_enabled=&#8220;off&#8220; background_video_pause_outside_viewport__hover=&#8220;on&#8220; background_video_pause_outside_viewport__hover_enabled=&#8220;on&#8220; inner_shadow__hover=&#8220;off&#8220; inner_shadow__hover_enabled=&#8220;off&#8220; make_fullwidth__hover=&#8220;off&#8220; make_fullwidth__hover_enabled=&#8220;off&#8220; use_custom_width__hover=&#8220;off&#8220; use_custom_width__hover_enabled=&#8220;off&#8220; width_unit__hover=&#8220;on&#8220; width_unit__hover_enabled=&#8220;on&#8220; make_equal__hover=&#8220;off&#8220; make_equal__hover_enabled=&#8220;off&#8220; use_custom_gutter__hover=&#8220;off&#8220; use_custom_gutter__hover_enabled=&#8220;off&#8220; gutter_width__hover=&#8220;3&#8243; gutter_width__hover_enabled=&#8220;3&#8243; border_radii__hover=&#8220;on||||&#8220; border_radii__hover_enabled=&#8220;on||||&#8220; box_shadow_style__hover=&#8220;none&#8220; box_shadow_style__hover_enabled=&#8220;none&#8220; box_shadow_color__hover=&#8220;rgba(0,0,0,0.3)&#8220; box_shadow_color__hover_enabled=&#8220;rgba(0,0,0,0.3)&#8220; max_width__hover=&#8220;100%&#8220; max_width__hover_enabled=&#8220;100%&#8220; filter_hue_rotate__hover=&#8220;0deg&#8220; filter_hue_rotate__hover_enabled=&#8220;0deg&#8220; filter_saturate__hover=&#8220;100%&#8220; filter_saturate__hover_enabled=&#8220;100%&#8220; filter_brightness__hover=&#8220;100%&#8220; filter_brightness__hover_enabled=&#8220;100%&#8220; filter_contrast__hover=&#8220;100%&#8220; filter_contrast__hover_enabled=&#8220;100%&#8220; filter_invert__hover=&#8220;0%&#8220; filter_invert__hover_enabled=&#8220;0%&#8220; filter_sepia__hover=&#8220;0%&#8220; filter_sepia__hover_enabled=&#8220;0%&#8220; filter_opacity__hover=&#8220;100%&#8220; filter_opacity__hover_enabled=&#8220;100%&#8220; filter_blur__hover=&#8220;0px&#8220; filter_blur__hover_enabled=&#8220;0px&#8220; mix_blend_mode__hover=&#8220;normal&#8220; mix_blend_mode__hover_enabled=&#8220;normal&#8220; animation_style__hover=&#8220;none&#8220; animation_style__hover_enabled=&#8220;none&#8220; animation_repeat__hover=&#8220;once&#8220; animation_repeat__hover_enabled=&#8220;once&#8220; animation_direction__hover=&#8220;center&#8220; animation_direction__hover_enabled=&#8220;center&#8220; animation_duration__hover=&#8220;1000ms&#8220; animation_duration__hover_enabled=&#8220;1000ms&#8220; animation_delay__hover=&#8220;0ms&#8220; animation_delay__hover_enabled=&#8220;0ms&#8220; animation_intensity_slide__hover=&#8220;50%&#8220; animation_intensity_slide__hover_enabled=&#8220;50%&#8220; animation_intensity_zoom__hover=&#8220;50%&#8220; animation_intensity_zoom__hover_enabled=&#8220;50%&#8220; animation_intensity_flip__hover=&#8220;50%&#8220; animation_intensity_flip__hover_enabled=&#8220;50%&#8220; animation_intensity_fold__hover=&#8220;50%&#8220; animation_intensity_fold__hover_enabled=&#8220;50%&#8220; animation_intensity_roll__hover=&#8220;50%&#8220; animation_intensity_roll__hover_enabled=&#8220;50%&#8220; animation_starting_opacity__hover=&#8220;0%&#8220; animation_starting_opacity__hover_enabled=&#8220;0%&#8220; animation_speed_curve__hover=&#8220;ease-in-out&#8220; animation_speed_curve__hover_enabled=&#8220;ease-in-out&#8220; hover_transition_duration__hover=&#8220;300ms&#8220; hover_transition_duration__hover_enabled=&#8220;300ms&#8220; hover_transition_delay__hover=&#8220;0ms&#8220; hover_transition_delay__hover_enabled=&#8220;0ms&#8220; hover_transition_speed_curve__hover=&#8220;ease&#8220; hover_transition_speed_curve__hover_enabled=&#8220;ease&#8220; background_color_gradient_stops__hover=&#8220;#2b87da 0%|#29c4a9 100%&#8220;][et_pb_row _builder_version=&#8220;4.16&#8243; locked=&#8220;off&#8220; global_colors_info=&#8220;{}&#8220;][et_pb_column type=&#8220;4_4&#8243; saved_specialty_column_type=&#8220;1_2&#8243; _builder_version=&#8220;4.16&#8243; custom_padding=&#8220;|||&#8220; global_colors_info=&#8220;{}&#8220; parallax__hover=&#8220;off&#8220; parallax_method__hover=&#8220;on&#8220; custom_padding__hover=&#8220;|||&#8220;][et_pb_divider color=&#8220;#1ca5ff&#8220; divider_weight=&#8220;16px&#8220; _builder_version=&#8220;4.27.4&#8243; max_width=&#8220;48px&#8220; hover_enabled=&#8220;0&#8243; global_colors_info=&#8220;{}&#8220; sticky_enabled=&#8220;0&#8243;][\/et_pb_divider][et_pb_text _builder_version=&#8220;4.16&#8243; header_font=&#8220;Poppins|600|||||||&#8220; header_font_size=&#8220;50px&#8220; global_colors_info=&#8220;{}&#8220;]<\/p>\n<h1>PHL Soft, L\u00f6sungen f\u00fcr IBM i &#8211; AS\/400 von Entwicklern entwickelt<br \/>f\u00fcr Entwickler<\/h1>\n<p>&nbsp;<\/p>\n<p>[\/et_pb_text][\/et_pb_column][\/et_pb_row][\/et_pb_section][et_pb_section fb_built=&#8220;1&#8243; admin_label=&#8220;About&#8220; _builder_version=&#8220;4.16&#8243; global_colors_info=&#8220;{}&#8220;][et_pb_row column_structure=&#8220;1_2,1_2&#8243; _builder_version=&#8220;4.16&#8243; custom_padding=&#8220;27px|0px|0|0px|false|false&#8220; global_colors_info=&#8220;{}&#8220;][et_pb_column type=&#8220;1_2&#8243; _builder_version=&#8220;4.16&#8243; custom_padding=&#8220;|||&#8220; global_colors_info=&#8220;{}&#8220; custom_padding__hover=&#8220;|||&#8220;][et_pb_image src=&#8220;https:\/\/phlsoft.org\/wp-content\/uploads\/2022\/02\/modernisation_as400.png&#8220; title_text=&#8220;modernisierung_as400&#8243; align_tablet=&#8220;center&#8220; align_phone=&#8220;center&#8220; align_last_edited=&#8220;on|desktop&#8220; _builder_version=&#8220;4.16&#8243; custom_margin=&#8220;|||-250px|false|false&#8220; global_colors_info=&#8220;{}&#8220;][\/et_pb_image][\/et_pb_column][et_pb_column type=&#8220;1_2&#8243; _builder_version=&#8220;4.16&#8243; custom_padding=&#8220;|||&#8220; global_colors_info=&#8220;{}&#8220; custom_padding__hover=&#8220;|||&#8220;][et_pb_text _builder_version=&#8220;4.16&#8243; header_font=&#8220;Poppins|600|||||||&#8220; header_font_size=&#8220;40px&#8220; header_2_font=&#8220;Poppins|600|||||||&#8220; header_2_font_size=&#8220;32px&#8220; header_2_line_height=&#8220;1.6em&#8220; max_width=&#8220;700px&#8220; header_2_font_size_tablet=&#8220;24px&#8220; header_2_font_size_phone=&#8220;18px&#8220; header_2_font_size_last_edited=&#8220;on|phone&#8220; locked=&#8220;off&#8220; global_colors_info=&#8220;{}&#8220;]<\/p>\n<h2>Unser Beruf: Sie sollen alle M\u00f6glichkeiten Ihrer AS\/400 &#8211; IBM i nutzen.<\/h2>\n<p>[\/et_pb_text][et_pb_text _builder_version=&#8220;4.16&#8243; header_font=&#8220;Poppins|600|||||||&#8220; header_font_size=&#8220;40px&#8220; header_2_font=&#8220;Poppins|600|||||||&#8220; header_2_font_size=&#8220;32px&#8220; header_2_line_height=&#8220;1.6em&#8220; max_width=&#8220;700px&#8220; header_2_font_size_tablet=&#8220;24px&#8220; header_2_font_size_phone=&#8220;18px&#8220; header_2_font_size_last_edited=&#8220;on|phone&#8220; locked=&#8220;off&#8220; global_colors_info=&#8220;{}&#8220;]<\/p>\n<p>PHL Soft ist die Marke der <a href=\"https:\/\/www.armonie.group\" target=\"_blank\" rel=\"noopener\">Armonie-Gruppe<\/a>, die L\u00f6sungen f\u00fcr die Modernisierung von IBM i- oder AS\/400-Systemen herausgibt.<\/p>\n<p>PHL Soft bietet allen Unternehmen, die mit iBM i ausgestattet sind, die M\u00f6glichkeit, die au\u00dfergew\u00f6hnlichen F\u00e4higkeiten ihrer Maschine zu nutzen und sie gleichzeitig in ihrer Nutzung zu modernisieren, ohne die Programme entwickeln zu m\u00fcssen. So k\u00f6nnen die Nutzer ihre Dateien und Abfragen \u00fcber neuartige grafische Bildschirme anzeigen oder ausdrucken.<\/p>\n<p>Seit Dezember 2021 ist PHL Soft Teil der Armonie-Gruppe, zu der auch NOTOS, der Spezialist f\u00fcr IBM i-Schulungen, geh\u00f6rt, wodurch die Gruppe zum Spezialisten f\u00fcr technische und strategische Unterst\u00fctzung auf der Plattform wird.<\/p>\n<p>Die Armonie-Gruppe ist in der Lage, alle Anliegen der IT-Abteilungen oder der Generaldirektionen gegen\u00fcber den Gesch\u00e4ftsteams abzudecken:<\/p>\n<ul>\n<li>ihnen bei ihrer Entscheidung helfen, ob sie die Plattform behalten sollen oder nicht,<\/li>\n<li>sie in einem \u00dcbergang begleiten<\/li>\n<li>oder ihnen L\u00f6sungen anbieten, mit denen sie weiterhin die volle Leistungsf\u00e4higkeit ihres IBM i nutzen k\u00f6nnen.<\/li>\n<\/ul>\n<p>[\/et_pb_text][\/et_pb_column][\/et_pb_row][et_pb_row column_structure=&#8220;1_3,1_3,1_3&#8243; admin_label=&#8220;Row&#8220; _builder_version=&#8220;4.16&#8243; max_width=&#8220;1200px&#8220; custom_margin=&#8220;100px||||false|false&#8220; border_radii=&#8220;on|8px|8px|8px|8px&#8220; box_shadow_style=&#8220;preset1&#8243; box_shadow_vertical=&#8220;10px&#8220; box_shadow_blur=&#8220;60px&#8220; box_shadow_color=&#8220;rgba(39,39,52,0.06)&#8220; use_custom_width=&#8220;on&#8220; custom_width_px=&#8220;1200px&#8220; locked=&#8220;off&#8220; global_colors_info=&#8220;{}&#8220;][et_pb_column type=&#8220;1_3&#8243; _builder_version=&#8220;4.16&#8243; custom_padding=&#8220;|||&#8220; global_colors_info=&#8220;{}&#8220; parallax__hover=&#8220;off&#8220; parallax_method__hover=&#8220;on&#8220; custom_padding__hover=&#8220;|||&#8220;][et_pb_number_counter title=&#8220;Verteilte Schl\u00fcssel&#8220; number=&#8220;900+&#8220; percent_sign=&#8220;off&#8220; _builder_version=&#8220;4.27.4&#8243; title_level=&#8220;h1&#8243; title_font=&#8220;Poppins|600||on|||||&#8220; title_text_color=&#8220;#000000&#8243; title_font_size=&#8220;12px&#8220; title_letter_spacing=&#8220;1px&#8220; title_line_height=&#8220;1.6em&#8220; number_font=&#8220;Poppins|600|||||||&#8220; number_text_color=&#8220;#E51959&#8243; number_font_size=&#8220;42px&#8220; number_line_height=&#8220;122px&#8220; custom_margin=&#8220;||10px&#8220; locked=&#8220;off&#8220; global_colors_info=&#8220;{}&#8220;][\/et_pb_number_counter][\/et_pb_column][et_pb_column type=&#8220;1_3&#8243; _builder_version=&#8220;4.16&#8243; custom_padding=&#8220;|||&#8220; global_colors_info=&#8220;{}&#8220; parallax__hover=&#8220;off&#8220; parallax_method__hover=&#8220;on&#8220; custom_padding__hover=&#8220;|||&#8220;][et_pb_number_counter title=&#8220;begeisterte Kunden&#8220; number=&#8220;899&#8243; percent_sign=&#8220;off&#8220; _builder_version=&#8220;4.27.4&#8243; title_level=&#8220;h1&#8243; title_font=&#8220;Poppins|600||on|||||&#8220; title_text_color=&#8220;#000000&#8243; title_font_size=&#8220;12px&#8220; title_letter_spacing=&#8220;1px&#8220; title_line_height=&#8220;1.6em&#8220; number_font=&#8220;Poppins|600|||||||&#8220; number_text_color=&#8220;#E51959&#8243; number_font_size=&#8220;42px&#8220; number_line_height=&#8220;122px&#8220; custom_margin=&#8220;||10px&#8220; locked=&#8220;off&#8220; global_colors_info=&#8220;{}&#8220;][\/et_pb_number_counter][\/et_pb_column][et_pb_column type=&#8220;1_3&#8243; _builder_version=&#8220;4.16&#8243; custom_padding=&#8220;|||&#8220; global_colors_info=&#8220;{}&#8220; parallax__hover=&#8220;off&#8220; parallax_method__hover=&#8220;on&#8220; custom_padding__hover=&#8220;|||&#8220;][et_pb_number_counter title=&#8220;CODE-LINIEN&#8220; number=&#8220;1.2M&#8220; percent_sign=&#8220;off&#8220; _builder_version=&#8220;4.27.4&#8243; title_level=&#8220;h1&#8243; title_font=&#8220;Poppins|600||on|||||&#8220; title_text_color=&#8220;#000000&#8243; title_font_size=&#8220;12px&#8220; title_letter_spacing=&#8220;1px&#8220; title_line_height=&#8220;1.6em&#8220; number_font=&#8220;Poppins|600|||||||&#8220; number_text_color=&#8220;#E51959&#8243; number_font_size=&#8220;42px&#8220; number_line_height=&#8220;122px&#8220; custom_margin=&#8220;||10px&#8220; locked=&#8220;off&#8220; global_colors_info=&#8220;{}&#8220;][\/et_pb_number_counter][\/et_pb_column][\/et_pb_row][\/et_pb_section][et_pb_section fb_built=&#8220;1&#8243; custom_padding_last_edited=&#8220;on|tablet&#8220; admin_label=&#8220;Call to Action&#8220; _builder_version=&#8220;4.27.4&#8243; module_alignment=&#8220;center&#8220; custom_padding=&#8220;||&#8220; custom_padding_tablet=&#8220;|0vw|30vw|&#8220; custom_padding_phone=&#8220;&#8220; bottom_divider_color=&#8220;#ffffff&#8220; bottom_divider_height=&#8220;24vw&#8220; bottom_divider_repeat=&#8220;0.6x&#8220; bottom_divider_flip=&#8220;vertical|horizontal&#8220; bottom_divider_arrangement=&#8220;above_content&#8220; locked=&#8220;off&#8220; global_colors_info=&#8220;{}&#8220;][et_pb_row _builder_version=&#8220;4.27.4&#8243; max_width=&#8220;100%&#8220; module_alignment=&#8220;center&#8220; custom_margin=&#8220;0px||||false|false&#8220; custom_padding=&#8220;0px||||false|false&#8220; hover_enabled=&#8220;0&#8243; use_custom_width=&#8220;on&#8220; width_unit=&#8220;off&#8220; custom_width_percent=&#8220;100%&#8220; global_colors_info=&#8220;{}&#8220; background_color=&#8220;#f9f8fc&#8220; border_width_all=&#8220;1px&#8220; border_color_all=&#8220;#e4e4ed&#8220; sticky_enabled=&#8220;0&#8243;][et_pb_column type=&#8220;4_4&#8243; _builder_version=&#8220;4.16&#8243; custom_padding=&#8220;|||&#8220; global_colors_info=&#8220;{}&#8220; custom_padding__hover=&#8220;|||&#8220;][et_pb_text _builder_version=&#8220;4.27.4&#8243; header_font=&#8220;Poppins|600|||||||&#8220; header_font_size=&#8220;40px&#8220; header_2_font=&#8220;Poppins|600|||||||&#8220; header_2_font_size=&#8220;32px&#8220; header_2_line_height=&#8220;1.6em&#8220; text_orientation=&#8220;center&#8220; custom_margin=&#8220;150px||||false|false&#8220; header_2_font_size_tablet=&#8220;24px&#8220; header_2_font_size_phone=&#8220;18px&#8220; header_2_font_size_last_edited=&#8220;on|phone&#8220; locked=&#8220;off&#8220; global_colors_info=&#8220;{}&#8220;]<\/p>\n<h2>Ein aktuelles Projekt? Brauchen Sie Hilfe?<\/h2>\n<p>&nbsp;<\/p>\n<p>[\/et_pb_text][et_pb_button button_url=&#8220;@ET-DC@eyJkeW5hbWljIjp0cnVlLCJjb250ZW50IjoicG9zdF9saW5rX3VybF9wYWdlIiwic2V0dGluZ3MiOnsicG9zdF9pZCI6IjY2In19@&#8220; button_text=&#8220;nehmen wir Kontakt auf&#8220; button_alignment=&#8220;center&#8220; _builder_version=&#8220;4.27.4&#8243; _dynamic_attributes=&#8220;button_url&#8220; custom_button=&#8220;on&#8220; button_text_size=&#8220;12px&#8220; button_text_color=&#8220;#ffffff&#8220; button_bg_color=&#8220;#e51959&#8243; button_border_width=&#8220;0px&#8220; button_border_radius=&#8220;100px&#8220; button_letter_spacing=&#8220;1px&#8220; button_font=&#8220;Poppins|600||on|||||&#8220; button_icon=&#8220;&#xe046;||divi||400&#8243; button_on_hover=&#8220;off&#8220; custom_padding=&#8220;14px|58px|14px|40px|true|false&#8220; box_shadow_style=&#8220;preset3&#8243; box_shadow_vertical=&#8220;30px&#8220; box_shadow_blur=&#8220;40px&#8220; box_shadow_spread=&#8220;-16px&#8220; box_shadow_color=&#8220;rgba(28,165,255,0.24)&#8220; locked=&#8220;off&#8220; global_colors_info=&#8220;{}&#8220;][\/et_pb_button][\/et_pb_column][\/et_pb_row][\/et_pb_section][et_pb_section fb_built=&#8220;1&#8243; inner_shadow=&#8220;on&#8220; _builder_version=&#8220;4.27.4&#8243; _module_preset=&#8220;default&#8220; background_color=&#8220;#32323f&#8220; use_background_color_gradient=&#8220;on&#8220; background_color_gradient_direction=&#8220;327deg&#8220; background_color_gradient_stops=&#8220;#0067ef 0%|#000435 64%&#8220; background_color_gradient_start=&#8220;#0067ef&#8220; background_color_gradient_end=&#8220;#000435&#8243; background_color_gradient_end_position=&#8220;64%&#8220; min_height=&#8220;382px&#8220; custom_margin=&#8220;||||false|true&#8220; background_color_gradient_stops_tablet=&#8220;#0067ef 0%|#000435 64%&#8220; background_color_gradient_stops_phone=&#8220;#0067ef 0%|#000435 64%&#8220; border_radii=&#8220;on|10px|10px|10px|10px&#8220; border_width_top=&#8220;2px&#8220; global_module=&#8220;108&#8243; saved_tabs=&#8220;all&#8220; global_colors_info=&#8220;{}&#8220;][et_pb_row column_structure=&#8220;1_3,1_3,1_3&#8243; _builder_version=&#8220;4.27.4&#8243; _module_preset=&#8220;default&#8220; global_colors_info=&#8220;{}&#8220;][et_pb_column type=&#8220;1_3&#8243; _builder_version=&#8220;4.27.4&#8243; _module_preset=&#8220;default&#8220; global_colors_info=&#8220;{}&#8220;][et_pb_text _builder_version=&#8220;4.27.4&#8243; _module_preset=&#8220;default&#8220; text_text_color=&#8220;#FFFFFF&#8220; border_color_all=&#8220;#000000&#8243; global_colors_info=&#8220;{}&#8220;]<\/p>\n<p><strong>PHL Soft<\/strong><br \/>31\/35 rue Froideveaux<br \/>75014 Paris<\/p>\n<p>Tel. : 01 88 32 12 34<\/p>\n<p>[\/et_pb_text][\/et_pb_column][et_pb_column type=&#8220;1_3&#8243; _builder_version=&#8220;4.27.4&#8243; _module_preset=&#8220;default&#8220; global_colors_info=&#8220;{}&#8220;][et_pb_text _builder_version=&#8220;4.27.4&#8243; _module_preset=&#8220;default&#8220; text_text_color=&#8220;#FFFFFF&#8220; background_layout=&#8220;dark&#8220; global_colors_info=&#8220;{}&#8220;]<a href=\"https:\/\/www.phlsoft.com\/de\/rechtliche-hinweise\/\" style=\"color:#fff\"><b>Rechtliche Hinweise<\/b><\/a><\/p>\n<p><a href=\"https:\/\/www.phlsoft.com\/de\/datenschutzrichtlinie\/\" style=\"color:#fff\"><b>Datenschutzrichtlinie<\/b><\/a>[\/et_pb_text][\/et_pb_column][et_pb_column type=&#8220;1_3&#8243; _builder_version=&#8220;4.27.4&#8243; _module_preset=&#8220;default&#8220; global_colors_info=&#8220;{}&#8220;][et_pb_social_media_follow _builder_version=&#8220;4.27.4&#8243; background_color=&#8220;RGBA(255,255,255,0)&#8220; text_orientation=&#8220;center&#8220; border_radii=&#8220;on|40px|40px|40px|40px&#8220; global_colors_info=&#8220;{}&#8220;][et_pb_social_media_follow_network social_network=&#8220;linkedin&#8220; url=&#8220;https:\/\/www.linkedin.com\/showcase\/phlsoft-armonie&#8220; _builder_version=&#8220;4.22.2&#8243; background_color=&#8220;#007bb6&#8243; custom_margin=&#8220;|9px||9px||true&#8220; custom_padding=&#8220;6px|6px|6px|6px|true|true&#8220; global_colors_info=&#8220;{}&#8220; follow_button=&#8220;off&#8220; url_new_window=&#8220;on&#8220;]linkedin[\/et_pb_social_media_follow_network][\/et_pb_social_media_follow][\/et_pb_column][\/et_pb_row][\/et_pb_section]<\/p>\n","protected":false},"excerpt":{"rendered":"<p>PHL Soft, L\u00f6sungen f\u00fcr IBM i &#8211; AS\/400 von Entwicklern entwickeltf\u00fcr Entwickler &nbsp;Unser Beruf: Sie sollen alle M\u00f6glichkeiten Ihrer AS\/400 &#8211; IBM i nutzen.PHL Soft ist die Marke der Armonie-Gruppe, die L\u00f6sungen f\u00fcr die Modernisierung von IBM i- oder AS\/400-Systemen herausgibt. PHL Soft bietet allen Unternehmen, die mit iBM i ausgestattet sind, die M\u00f6glichkeit, die [&hellip;]<\/p>\n","protected":false},"author":1,"featured_media":0,"parent":0,"menu_order":0,"comment_status":"closed","ping_status":"closed","template":"","meta":{"_seopress_robots_primary_cat":"","_seopress_titles_title":"","_seopress_titles_desc":"","_seopress_robots_index":"","_et_pb_use_builder":"on","_et_pb_old_content":"","_et_gb_content_width":"","footnotes":""},"class_list":["post-1059","page","type-page","status-publish","hentry"],"_links":{"self":[{"href":"https:\/\/www.phlsoft.com\/de\/wp-json\/wp\/v2\/pages\/1059","targetHints":{"allow":["GET"]}}],"collection":[{"href":"https:\/\/www.phlsoft.com\/de\/wp-json\/wp\/v2\/pages"}],"about":[{"href":"https:\/\/www.phlsoft.com\/de\/wp-json\/wp\/v2\/types\/page"}],"author":[{"embeddable":true,"href":"https:\/\/www.phlsoft.com\/de\/wp-json\/wp\/v2\/users\/1"}],"replies":[{"embeddable":true,"href":"https:\/\/www.phlsoft.com\/de\/wp-json\/wp\/v2\/comments?post=1059"}],"version-history":[{"count":12,"href":"https:\/\/www.phlsoft.com\/de\/wp-json\/wp\/v2\/pages\/1059\/revisions"}],"predecessor-version":[{"id":3552,"href":"https:\/\/www.phlsoft.com\/de\/wp-json\/wp\/v2\/pages\/1059\/revisions\/3552"}],"wp:attachment":[{"href":"https:\/\/www.phlsoft.com\/de\/wp-json\/wp\/v2\/media?parent=1059"}],"curies":[{"name":"wp","href":"https:\/\/api.w.org\/{rel}","templated":true}]}}