{"id":1067,"date":"2022-02-15T10:40:20","date_gmt":"2022-02-15T09:40:20","guid":{"rendered":"https:\/\/www.phlsoft.com\/kundinnen-und-kunden\/"},"modified":"2025-06-10T16:33:29","modified_gmt":"2025-06-10T14:33:29","slug":"kundinnen-und-kunden","status":"publish","type":"page","link":"https:\/\/www.phlsoft.com\/de\/kundinnen-und-kunden\/","title":{"rendered":"Kundinnen und Kunden"},"content":{"rendered":"<p>[et_pb_section fb_built=&#8220;1&#8243; admin_label=&#8220;Header&#8220; _builder_version=&#8220;4.16&#8243; custom_padding=&#8220;54px|0px|40px|0px|false|false&#8220; custom_width_px__hover=&#8220;1080px&#8220; custom_width_px__hover_enabled=&#8220;1080px&#8220; custom_width_percent__hover=&#8220;80%&#8220; custom_width_percent__hover_enabled=&#8220;80%&#8220; locked=&#8220;off&#8220; global_colors_info=&#8220;{}&#8220; parallax_1__hover=&#8220;off&#8220; parallax_1__hover_enabled=&#8220;off&#8220; parallax_2__hover=&#8220;off&#8220; parallax_2__hover_enabled=&#8220;off&#8220; parallax_3__hover=&#8220;off&#8220; parallax_3__hover_enabled=&#8220;off&#8220; parallax_method_1__hover=&#8220;on&#8220; parallax_method_1__hover_enabled=&#8220;on&#8220; parallax_method_2__hover=&#8220;on&#8220; parallax_method_2__hover_enabled=&#8220;on&#8220; parallax_method_3__hover=&#8220;on&#8220; parallax_method_3__hover_enabled=&#8220;on&#8220; use_background_color_gradient__hover=&#8220;off&#8220; use_background_color_gradient__hover_enabled=&#8220;off&#8220; background_color_gradient_start__hover=&#8220;#2b87da&#8220; background_color_gradient_start__hover_enabled=&#8220;#2b87da&#8220; background_color_gradient_end__hover=&#8220;#29c4a9&#8243; background_color_gradient_end__hover_enabled=&#8220;#29c4a9&#8243; background_color_gradient_type__hover=&#8220;linear&#8220; background_color_gradient_type__hover_enabled=&#8220;linear&#8220; background_color_gradient_direction__hover=&#8220;180deg&#8220; background_color_gradient_direction__hover_enabled=&#8220;180deg&#8220; background_color_gradient_direction_radial__hover=&#8220;center&#8220; background_color_gradient_direction_radial__hover_enabled=&#8220;center&#8220; background_color_gradient_start_position__hover=&#8220;0%&#8220; background_color_gradient_start_position__hover_enabled=&#8220;0%&#8220; background_color_gradient_end_position__hover=&#8220;100%&#8220; background_color_gradient_end_position__hover_enabled=&#8220;100%&#8220; background_color_gradient_overlays_image__hover=&#8220;off&#8220; background_color_gradient_overlays_image__hover_enabled=&#8220;off&#8220; parallax__hover=&#8220;off&#8220; parallax__hover_enabled=&#8220;off&#8220; parallax_method__hover=&#8220;on&#8220; parallax_method__hover_enabled=&#8220;on&#8220; background_size__hover=&#8220;cover&#8220; background_size__hover_enabled=&#8220;cover&#8220; background_position__hover=&#8220;center&#8220; background_position__hover_enabled=&#8220;center&#8220; background_repeat__hover=&#8220;no-repeat&#8220; background_repeat__hover_enabled=&#8220;no-repeat&#8220; background_blend__hover=&#8220;normal&#8220; background_blend__hover_enabled=&#8220;normal&#8220; allow_player_pause__hover=&#8220;off&#8220; allow_player_pause__hover_enabled=&#8220;off&#8220; background_video_pause_outside_viewport__hover=&#8220;on&#8220; background_video_pause_outside_viewport__hover_enabled=&#8220;on&#8220; inner_shadow__hover=&#8220;off&#8220; inner_shadow__hover_enabled=&#8220;off&#8220; make_fullwidth__hover=&#8220;off&#8220; make_fullwidth__hover_enabled=&#8220;off&#8220; use_custom_width__hover=&#8220;off&#8220; use_custom_width__hover_enabled=&#8220;off&#8220; width_unit__hover=&#8220;on&#8220; width_unit__hover_enabled=&#8220;on&#8220; make_equal__hover=&#8220;off&#8220; make_equal__hover_enabled=&#8220;off&#8220; use_custom_gutter__hover=&#8220;off&#8220; use_custom_gutter__hover_enabled=&#8220;off&#8220; gutter_width__hover=&#8220;3&#8243; gutter_width__hover_enabled=&#8220;3&#8243; border_radii__hover=&#8220;on||||&#8220; border_radii__hover_enabled=&#8220;on||||&#8220; box_shadow_style__hover=&#8220;none&#8220; box_shadow_style__hover_enabled=&#8220;none&#8220; box_shadow_color__hover=&#8220;rgba(0,0,0,0.3)&#8220; box_shadow_color__hover_enabled=&#8220;rgba(0,0,0,0.3)&#8220; max_width__hover=&#8220;100%&#8220; max_width__hover_enabled=&#8220;100%&#8220; filter_hue_rotate__hover=&#8220;0deg&#8220; filter_hue_rotate__hover_enabled=&#8220;0deg&#8220; filter_saturate__hover=&#8220;100%&#8220; filter_saturate__hover_enabled=&#8220;100%&#8220; filter_brightness__hover=&#8220;100%&#8220; filter_brightness__hover_enabled=&#8220;100%&#8220; filter_contrast__hover=&#8220;100%&#8220; filter_contrast__hover_enabled=&#8220;100%&#8220; filter_invert__hover=&#8220;0%&#8220; filter_invert__hover_enabled=&#8220;0%&#8220; filter_sepia__hover=&#8220;0%&#8220; filter_sepia__hover_enabled=&#8220;0%&#8220; filter_opacity__hover=&#8220;100%&#8220; filter_opacity__hover_enabled=&#8220;100%&#8220; filter_blur__hover=&#8220;0px&#8220; filter_blur__hover_enabled=&#8220;0px&#8220; mix_blend_mode__hover=&#8220;normal&#8220; mix_blend_mode__hover_enabled=&#8220;normal&#8220; animation_style__hover=&#8220;none&#8220; animation_style__hover_enabled=&#8220;none&#8220; animation_repeat__hover=&#8220;once&#8220; animation_repeat__hover_enabled=&#8220;once&#8220; animation_direction__hover=&#8220;center&#8220; animation_direction__hover_enabled=&#8220;center&#8220; animation_duration__hover=&#8220;1000ms&#8220; animation_duration__hover_enabled=&#8220;1000ms&#8220; animation_delay__hover=&#8220;0ms&#8220; animation_delay__hover_enabled=&#8220;0ms&#8220; animation_intensity_slide__hover=&#8220;50%&#8220; animation_intensity_slide__hover_enabled=&#8220;50%&#8220; animation_intensity_zoom__hover=&#8220;50%&#8220; animation_intensity_zoom__hover_enabled=&#8220;50%&#8220; animation_intensity_flip__hover=&#8220;50%&#8220; animation_intensity_flip__hover_enabled=&#8220;50%&#8220; animation_intensity_fold__hover=&#8220;50%&#8220; animation_intensity_fold__hover_enabled=&#8220;50%&#8220; animation_intensity_roll__hover=&#8220;50%&#8220; animation_intensity_roll__hover_enabled=&#8220;50%&#8220; animation_starting_opacity__hover=&#8220;0%&#8220; animation_starting_opacity__hover_enabled=&#8220;0%&#8220; animation_speed_curve__hover=&#8220;ease-in-out&#8220; animation_speed_curve__hover_enabled=&#8220;ease-in-out&#8220; hover_transition_duration__hover=&#8220;300ms&#8220; hover_transition_duration__hover_enabled=&#8220;300ms&#8220; hover_transition_delay__hover=&#8220;0ms&#8220; hover_transition_delay__hover_enabled=&#8220;0ms&#8220; hover_transition_speed_curve__hover=&#8220;ease&#8220; hover_transition_speed_curve__hover_enabled=&#8220;ease&#8220; background_color_gradient_stops__hover=&#8220;#2b87da 0%|#29c4a9 100%&#8220;][et_pb_row _builder_version=&#8220;4.16&#8243; locked=&#8220;off&#8220; global_colors_info=&#8220;{}&#8220;][et_pb_column type=&#8220;4_4&#8243; saved_specialty_column_type=&#8220;1_2&#8243; _builder_version=&#8220;4.16&#8243; custom_padding=&#8220;|||&#8220; global_colors_info=&#8220;{}&#8220; parallax__hover=&#8220;off&#8220; parallax_method__hover=&#8220;on&#8220; custom_padding__hover=&#8220;|||&#8220;][et_pb_divider color=&#8220;#1ca5ff&#8220; divider_weight=&#8220;16px&#8220; _builder_version=&#8220;4.16&#8243; max_width=&#8220;48px&#8220; global_colors_info=&#8220;{}&#8220;][\/et_pb_divider][et_pb_text _builder_version=&#8220;4.16&#8243; header_font=&#8220;Poppins|600|||||||&#8220; header_font_size=&#8220;50px&#8220; global_colors_info=&#8220;{}&#8220;]<\/p>\n<h1>Prestigetr\u00e4chtige Referenzen<\/h1>\n<p>[\/et_pb_text][et_pb_text _builder_version=&#8220;4.16&#8243; text_font_size=&#8220;18px&#8220; header_font=&#8220;Poppins|600|||||||&#8220; header_font_size=&#8220;40px&#8220; custom_padding=&#8220;||7px|||&#8220; text_font_size_tablet=&#8220;16px&#8220; text_font_size_phone=&#8220;14px&#8220; text_font_size_last_edited=&#8220;on|phone&#8220; locked=&#8220;off&#8220; global_colors_info=&#8220;{}&#8220;]<\/p>\n<p>Seit mehr als 10 Jahren erstellt PHL Soft L\u00f6sungen und entwickelt sie im Zuge von AS\/400 &#8211; IBM i Updates weiter.<\/p>\n<p>[\/et_pb_text][\/et_pb_column][\/et_pb_row][\/et_pb_section][et_pb_section fb_built=&#8220;1&#8243; _builder_version=&#8220;4.27.4&#8243; _module_preset=&#8220;default&#8220; background_enable_image=&#8220;off&#8220; max_width=&#8220;88%&#8220; module_alignment=&#8220;center&#8220; global_colors_info=&#8220;{}&#8220;][et_pb_row column_structure=&#8220;1_3,1_3,1_3&#8243; _builder_version=&#8220;4.16&#8243; global_colors_info=&#8220;{}&#8220;][et_pb_column type=&#8220;1_3&#8243; _builder_version=&#8220;4.16&#8243; custom_padding=&#8220;|||&#8220; global_colors_info=&#8220;{}&#8220; custom_padding__hover=&#8220;|||&#8220;][et_pb_testimonial author=&#8220;Pierre Brevet&#8220; job_title=&#8220;Leiter der IT-Abteilung&#8220; company_name=&#8220;Gro\u00dfer Hafen von Rouen&#8220; _builder_version=&#8220;4.27.4&#8243; _module_preset=&#8220;default&#8220; hover_enabled=&#8220;0&#8243; global_colors_info=&#8220;{}&#8220; background_color=&#8220;#32323f&#8220; body_text_color=&#8220;#FFFFFF&#8220; quote_icon_color=&#8220;#FFFFFF&#8220; quote_icon_background_color=&#8220;#ff4a25&#8243; border_radii=&#8220;on|20px|20px|20px|20px&#8220; sticky_enabled=&#8220;0&#8243;]<\/p>\n<p>PHL XML hat unseren Umgang mit XML-Nachrichten erheblich vereinfacht. Das Produkt ist gut gemacht und das gesamte IT-Team konnte es ohne besondere Vorkenntnisse nutzen.<\/p>\n<p>[\/et_pb_testimonial][et_pb_testimonial author=&#8220;Jo\u00ebl Rousselot&#8220; job_title=&#8220;IT-Verantwortlicher&#8220; company_name=&#8220;Cognac Louis Royer&#8220; _builder_version=&#8220;4.27.4&#8243; _module_preset=&#8220;default&#8220; use_background_color_gradient=&#8220;on&#8220; background_color_gradient_stops=&#8220;#fff0b5 1%|#ffffff 100%&#8220; global_colors_info=&#8220;{}&#8220;]<\/p>\n<p>Da wir gerade XML entdeckten, h\u00e4tte die interne Entwicklung zu lange gedauert. Wir haben uns daf\u00fcr entschieden, PHL Soft in Eigenregie arbeiten zu lassen, und das begr\u00fc\u00dfen wir.<\/p>\n<p>[\/et_pb_testimonial][\/et_pb_column][et_pb_column type=&#8220;1_3&#8243; _builder_version=&#8220;4.16&#8243; custom_padding=&#8220;100px|||&#8220; custom_padding_tablet=&#8220;0px||&#8220; custom_padding_phone=&#8220;&#8220; custom_padding_last_edited=&#8220;on|tablet&#8220; global_colors_info=&#8220;{}&#8220; padding_tablet=&#8220;0px||&#8220; padding_last_edited=&#8220;on|tablet&#8220; custom_padding__hover=&#8220;|||&#8220; padding_phone=&#8220;0px||&#8220;][et_pb_testimonial author=&#8220;Nadine Grange&#8220; job_title=&#8220;Projektleiter\/in  &#8220; company_name=&#8220;Impex&#8220; _builder_version=&#8220;4.27.4&#8243; _module_preset=&#8220;default&#8220; use_background_color_gradient=&#8220;on&#8220; background_color_gradient_stops=&#8220;#fff0b5 1%|#ffffff 100%&#8220; global_colors_info=&#8220;{}&#8220;]<\/p>\n<p>PHL XML macht XML auch f\u00fcr Anf\u00e4nger zug\u00e4nglich.<\/p>\n<p>[\/et_pb_testimonial][\/et_pb_column][et_pb_column type=&#8220;1_3&#8243; _builder_version=&#8220;4.16&#8243; custom_padding=&#8220;100px|||&#8220; custom_padding_tablet=&#8220;0px||&#8220; custom_padding_phone=&#8220;&#8220; custom_padding_last_edited=&#8220;on|tablet&#8220; global_colors_info=&#8220;{}&#8220; padding_tablet=&#8220;0px||&#8220; padding_last_edited=&#8220;on|tablet&#8220; custom_padding__hover=&#8220;|||&#8220; padding_phone=&#8220;0px||&#8220;][\/et_pb_column][\/et_pb_row][et_pb_row _builder_version=&#8220;4.16&#8243; _module_preset=&#8220;default&#8220; global_colors_info=&#8220;{}&#8220;][et_pb_column type=&#8220;4_4&#8243; _builder_version=&#8220;4.16&#8243; _module_preset=&#8220;default&#8220; global_colors_info=&#8220;{}&#8220;][\/et_pb_column][\/et_pb_row][\/et_pb_section][et_pb_section fb_built=&#8220;1&#8243; admin_label=&#8220;Project Request&#8220; _builder_version=&#8220;4.27.4&#8243; background_color=&#8220;#0C71C3&#8243; use_background_color_gradient=&#8220;on&#8220; background_color_gradient_direction=&#8220;170deg&#8220; background_color_gradient_stops=&#8220;#ffcc00 1%|#e51959 45%|#3a3285 100%&#8220; background_color_gradient_start=&#8220;#3cd1ff&#8220; background_color_gradient_end=&#8220;#000e4c&#8220; background_color_gradient_end_position=&#8220;70%&#8220; custom_margin=&#8220;100px||||false|true&#8220; custom_padding=&#8220;|30px||30px||true&#8220; background_color_gradient_stops_tablet=&#8220;#3cd1ff 0%|#000e4c 70%&#8220; background_color_gradient_stops_phone=&#8220;#3cd1ff 0%|#000e4c 70%&#8220; box_shadow_style=&#8220;preset3&#8243; box_shadow_vertical=&#8220;45px&#8220; box_shadow_blur=&#8220;135px&#8220; box_shadow_spread=&#8220;-45px&#8220; box_shadow_color=&#8220;rgba(28,165,255,0.76)&#8220; global_module=&#8220;150&#8243; locked=&#8220;off&#8220; global_colors_info=&#8220;{}&#8220;][et_pb_row _builder_version=&#8220;4.16&#8243; locked=&#8220;off&#8220; global_colors_info=&#8220;{}&#8220;][et_pb_column type=&#8220;4_4&#8243; _builder_version=&#8220;4.16&#8243; custom_padding=&#8220;|||&#8220; global_colors_info=&#8220;{}&#8220; custom_padding__hover=&#8220;|||&#8220;][et_pb_text _builder_version=&#8220;4.16&#8243; header_font=&#8220;Poppins|600|||||||&#8220; header_font_size=&#8220;40px&#8220; header_2_font=&#8220;Poppins|600|||||||&#8220; header_2_font_size=&#8220;32px&#8220; header_2_line_height=&#8220;1.6em&#8220; text_orientation=&#8220;center&#8220; background_layout=&#8220;dark&#8220; max_width=&#8220;700px&#8220; module_alignment=&#8220;center&#8220; header_2_font_size_tablet=&#8220;24px&#8220; header_2_font_size_phone=&#8220;18px&#8220; header_2_font_size_last_edited=&#8220;on|phone&#8220; locked=&#8220;off&#8220; global_colors_info=&#8220;{}&#8220;]<\/p>\n<h2>Haben Sie ein Projekt?<\/h2>\n<p>[\/et_pb_text][et_pb_button button_url=&#8220;@ET-DC@eyJkeW5hbWljIjp0cnVlLCJjb250ZW50IjoicG9zdF9saW5rX3VybF9wYWdlIiwic2V0dGluZ3MiOnsicG9zdF9pZCI6IjY2In19@&#8220; button_text=&#8220;Lass uns dar\u00fcber reden!&#8220; button_alignment=&#8220;center&#8220; _builder_version=&#8220;4.27.4&#8243; _dynamic_attributes=&#8220;button_url&#8220; custom_button=&#8220;on&#8220; button_text_size=&#8220;12px&#8220; button_text_color=&#8220;#ffffff&#8220; button_bg_color=&#8220;#E51959&#8243; button_border_width=&#8220;0px&#8220; button_border_radius=&#8220;100px&#8220; button_letter_spacing=&#8220;1px&#8220; button_font=&#8220;Poppins|600||on|||||&#8220; button_icon=&#8220;&#xe046;||divi||400&#8243; button_on_hover=&#8220;off&#8220; custom_padding=&#8220;14px|58px|14px|40px|true|false&#8220; box_shadow_style=&#8220;preset3&#8243; box_shadow_vertical=&#8220;30px&#8220; box_shadow_blur=&#8220;40px&#8220; box_shadow_spread=&#8220;-16px&#8220; locked=&#8220;off&#8220; global_colors_info=&#8220;{}&#8220;][\/et_pb_button][\/et_pb_column][\/et_pb_row][\/et_pb_section][et_pb_section fb_built=&#8220;1&#8243; _builder_version=&#8220;4.27.4&#8243; _module_preset=&#8220;default&#8220; background_color=&#8220;#32323f&#8220; use_background_color_gradient=&#8220;on&#8220; background_color_gradient_direction=&#8220;327deg&#8220; background_color_gradient_stops=&#8220;#0067ef 0%|#000435 64%&#8220; background_color_gradient_start=&#8220;#0067ef&#8220; background_color_gradient_end=&#8220;#000435&#8243; background_color_gradient_end_position=&#8220;64%&#8220; custom_margin=&#8220;||||false|true&#8220; background_color_gradient_stops_tablet=&#8220;#0067ef 0%|#000435 64%&#8220; background_color_gradient_stops_phone=&#8220;#0067ef 0%|#000435 64%&#8220; global_module=&#8220;108&#8243; saved_tabs=&#8220;all&#8220; global_colors_info=&#8220;{}&#8220;][et_pb_row column_structure=&#8220;1_3,1_3,1_3&#8243; _builder_version=&#8220;4.27.4&#8243; _module_preset=&#8220;default&#8220; global_colors_info=&#8220;{}&#8220;][et_pb_column type=&#8220;1_3&#8243; _builder_version=&#8220;4.27.4&#8243; _module_preset=&#8220;default&#8220; global_colors_info=&#8220;{}&#8220;][et_pb_text _builder_version=&#8220;4.27.4&#8243; _module_preset=&#8220;default&#8220; text_text_color=&#8220;#FFFFFF&#8220; global_colors_info=&#8220;{}&#8220;]<\/p>\n<p><strong>PHL Soft<\/strong><br \/>31\/35 rue Froideveaux<br \/>75014 Paris<\/p>\n<p>Tel. : 01 88 32 12 34<\/p>\n<p>[\/et_pb_text][\/et_pb_column][et_pb_column type=&#8220;1_3&#8243; _builder_version=&#8220;4.27.4&#8243; _module_preset=&#8220;default&#8220; global_colors_info=&#8220;{}&#8220;][et_pb_text _builder_version=&#8220;4.27.4&#8243; _module_preset=&#8220;default&#8220; text_text_color=&#8220;#FFFFFF&#8220; global_colors_info=&#8220;{}&#8220;]<\/p>\n<p><a href=\"https:\/\/www.phlsoft.com\/de\/rechtliche-hinweise\/\"><b>Rechtliche Hinweise<\/b><\/a><\/p>\n<p><a href=\"https:\/\/www.phlsoft.com\/de\/datenschutzrichtlinie\/\"><b>Datenschutzrichtlinie<\/b><\/a><\/p>\n<p>[\/et_pb_text][\/et_pb_column][et_pb_column type=&#8220;1_3&#8243; _builder_version=&#8220;4.27.4&#8243; _module_preset=&#8220;default&#8220; global_colors_info=&#8220;{}&#8220;][et_pb_social_media_follow _builder_version=&#8220;4.27.4&#8243; text_orientation=&#8220;center&#8220; border_radii=&#8220;on|40px|40px|40px|40px&#8220; global_colors_info=&#8220;{}&#8220;][et_pb_social_media_follow_network social_network=&#8220;linkedin&#8220; url=&#8220;https:\/\/www.linkedin.com\/showcase\/phlsoft-armonie&#8220; _builder_version=&#8220;4.22.2&#8243; background_color=&#8220;#007bb6&#8243; custom_margin=&#8220;|9px||9px||true&#8220; custom_padding=&#8220;6px|6px|6px|6px|true|true&#8220; global_colors_info=&#8220;{}&#8220; follow_button=&#8220;off&#8220; url_new_window=&#8220;on&#8220;]linkedin[\/et_pb_social_media_follow_network][\/et_pb_social_media_follow][\/et_pb_column][\/et_pb_row][\/et_pb_section]<\/p>\n","protected":false},"excerpt":{"rendered":"<p>Prestigetr\u00e4chtige ReferenzenSeit mehr als 10 Jahren erstellt PHL Soft L\u00f6sungen und entwickelt sie im Zuge von AS\/400 &#8211; IBM i Updates weiter.PHL XML hat unseren Umgang mit XML-Nachrichten erheblich vereinfacht. Das Produkt ist gut gemacht und das gesamte IT-Team konnte es ohne besondere Vorkenntnisse nutzen.Da wir gerade XML entdeckten, h\u00e4tte die interne Entwicklung zu lange [&hellip;]<\/p>\n","protected":false},"author":1,"featured_media":0,"parent":0,"menu_order":0,"comment_status":"closed","ping_status":"closed","template":"","meta":{"_seopress_robots_primary_cat":"","_seopress_titles_title":"","_seopress_titles_desc":"","_seopress_robots_index":"","_et_pb_use_builder":"on","_et_pb_old_content":"","_et_gb_content_width":"","footnotes":""},"class_list":["post-1067","page","type-page","status-publish","hentry"],"_links":{"self":[{"href":"https:\/\/www.phlsoft.com\/de\/wp-json\/wp\/v2\/pages\/1067","targetHints":{"allow":["GET"]}}],"collection":[{"href":"https:\/\/www.phlsoft.com\/de\/wp-json\/wp\/v2\/pages"}],"about":[{"href":"https:\/\/www.phlsoft.com\/de\/wp-json\/wp\/v2\/types\/page"}],"author":[{"embeddable":true,"href":"https:\/\/www.phlsoft.com\/de\/wp-json\/wp\/v2\/users\/1"}],"replies":[{"embeddable":true,"href":"https:\/\/www.phlsoft.com\/de\/wp-json\/wp\/v2\/comments?post=1067"}],"version-history":[{"count":11,"href":"https:\/\/www.phlsoft.com\/de\/wp-json\/wp\/v2\/pages\/1067\/revisions"}],"predecessor-version":[{"id":3085,"href":"https:\/\/www.phlsoft.com\/de\/wp-json\/wp\/v2\/pages\/1067\/revisions\/3085"}],"wp:attachment":[{"href":"https:\/\/www.phlsoft.com\/de\/wp-json\/wp\/v2\/media?parent=1067"}],"curies":[{"name":"wp","href":"https:\/\/api.w.org\/{rel}","templated":true}]}}