{"id":1901,"date":"2024-10-24T16:07:03","date_gmt":"2024-10-24T14:07:03","guid":{"rendered":"https:\/\/www.phlsoft.com\/?page_id=1901"},"modified":"2025-10-30T15:29:03","modified_gmt":"2025-10-30T14:29:03","slug":"kontakt-4","status":"publish","type":"page","link":"https:\/\/www.phlsoft.com\/de\/kontakt-4\/","title":{"rendered":"Formular &#8211; Best\u00e4tigung &#8211; Anmeldung LE PHL CLUB"},"content":{"rendered":"<p>[et_pb_section fb_built=&#8220;1&#8243; admin_label=&#8220;Header&#8220; _builder_version=&#8220;4.16&#8243; global_colors_info=&#8220;{}&#8220;][et_pb_row column_structure=&#8220;1_4,3_4&#8243; _builder_version=&#8220;4.27.0&#8243; locked=&#8220;off&#8220; global_colors_info=&#8220;{}&#8220;][et_pb_column type=&#8220;1_4&#8243; _builder_version=&#8220;4.16&#8243; custom_padding=&#8220;|||&#8220; global_colors_info=&#8220;{}&#8220; parallax__hover=&#8220;off&#8220; parallax_method__hover=&#8220;on&#8220; custom_padding__hover=&#8220;|||&#8220;][et_pb_image src=&#8220;https:\/\/www.phlsoft.com\/wp-content\/uploads\/2024\/09\/capture.png&#8220; alt=&#8220;Capture&#8220; title_text=&#8220;Capture&#8220; _builder_version=&#8220;4.27.0&#8243; _module_preset=&#8220;default&#8220; global_colors_info=&#8220;{}&#8220;][\/et_pb_image][\/et_pb_column][et_pb_column type=&#8220;3_4&#8243; _builder_version=&#8220;4.16&#8243; custom_padding=&#8220;|||&#8220; global_colors_info=&#8220;{}&#8220; parallax__hover=&#8220;off&#8220; parallax_method__hover=&#8220;on&#8220; custom_padding__hover=&#8220;|||&#8220;][et_pb_text _builder_version=&#8220;4.27.2&#8243; header_font=&#8220;Poppins|600|||||||&#8220; header_font_size=&#8220;50px&#8220; global_colors_info=&#8220;{}&#8220;]<\/p>\n<h1>Best\u00e4tigen Sie Ihre Anwesenheit<\/h1>\n<p>[\/et_pb_text][et_pb_text _builder_version=&#8220;4.27.2&#8243; _module_preset=&#8220;default&#8220; global_colors_info=&#8220;{}&#8220;]<\/p>\n<h2>Der Tag X steht vor der T\u00fcr!<\/p>\n<p>Ihre Anmeldung erm\u00f6glicht es uns, Sie unter den besten Bedingungen zu empfangen.<\/h2>\n<p>[\/et_pb_text][\/et_pb_column][\/et_pb_row][\/et_pb_section][et_pb_section fb_built=&#8220;1&#8243; specialty=&#8220;on&#8220; admin_label=&#8220;Contact Info&#8220; _builder_version=&#8220;4.16&#8243; custom_padding=&#8220;0|0px|54px|0px|false|false&#8220; global_colors_info=&#8220;{}&#8220;][et_pb_column type=&#8220;1_4&#8243; _builder_version=&#8220;4.16&#8243; custom_padding=&#8220;|||&#8220; global_colors_info=&#8220;{}&#8220; parallax__hover=&#8220;off&#8220; parallax_method__hover=&#8220;on&#8220; custom_padding__hover=&#8220;|||&#8220;][et_pb_text _builder_version=&#8220;4.27.0&#8243; text_font_size=&#8220;12px&#8220; header_font=&#8220;||||||||&#8220; header_3_font=&#8220;Poppins|600||on|||||&#8220; header_3_font_size=&#8220;12px&#8220; header_3_letter_spacing=&#8220;1px&#8220; header_3_line_height=&#8220;1.6em&#8220; locked=&#8220;off&#8220; global_colors_info=&#8220;{}&#8220;]<\/p>\n<h3>PHL SOFT &#8211; Marke Armonie<\/h3>\n<p>895 rue de la Vieille Poste<br \/>\n34000 MONTPELLIER<\/p>\n<p>31\/35 rue Froidevaux<br \/>\n75014 PARIS<\/p>\n<p>Tel. : 01 88 32 12 34[\/et_pb_text][\/et_pb_column][et_pb_column type=&#8220;3_4&#8243; specialty_columns=&#8220;3&#8243; _builder_version=&#8220;4.16&#8243; custom_padding=&#8220;|||&#8220; global_colors_info=&#8220;{}&#8220; parallax__hover=&#8220;off&#8220; parallax_method__hover=&#8220;on&#8220; custom_padding__hover=&#8220;|||&#8220;][et_pb_row_inner _builder_version=&#8220;4.27.0&#8243; _module_preset=&#8220;default&#8220; hover_enabled=&#8220;0&#8243; global_colors_info=&#8220;{}&#8220; sticky_enabled=&#8220;0&#8243;][et_pb_column_inner saved_specialty_column_type=&#8220;3_4&#8243; _builder_version=&#8220;4.27.0&#8243; _module_preset=&#8220;default&#8220; global_colors_info=&#8220;{}&#8220;][et_pb_code _builder_version=&#8220;4.27.2&#8243; _module_preset=&#8220;default&#8220; global_colors_info=&#8220;{}&#8220;]<p class=\"wpcf7-contact-form-not-found\"><strong>Fehler:<\/strong> Kontaktformular wurde nicht gefunden.<\/p>[\/et_pb_code][\/et_pb_column_inner][\/et_pb_row_inner][\/et_pb_column][\/et_pb_section][et_pb_section fb_built=&#8220;1&#8243; inner_shadow=&#8220;on&#8220; _builder_version=&#8220;4.27.4&#8243; _module_preset=&#8220;default&#8220; background_color=&#8220;#32323f&#8220; use_background_color_gradient=&#8220;on&#8220; background_color_gradient_direction=&#8220;327deg&#8220; background_color_gradient_stops=&#8220;#0067ef 0%|#000435 64%&#8220; background_color_gradient_start=&#8220;#0067ef&#8220; background_color_gradient_end=&#8220;#000435&#8243; background_color_gradient_end_position=&#8220;64%&#8220; min_height=&#8220;382px&#8220; custom_margin=&#8220;||||false|true&#8220; background_color_gradient_stops_tablet=&#8220;#0067ef 0%|#000435 64%&#8220; background_color_gradient_stops_phone=&#8220;#0067ef 0%|#000435 64%&#8220; border_radii=&#8220;on|10px|10px|10px|10px&#8220; border_width_top=&#8220;2px&#8220; global_module=&#8220;108&#8243; saved_tabs=&#8220;all&#8220; global_colors_info=&#8220;{}&#8220;][et_pb_row column_structure=&#8220;1_3,1_3,1_3&#8243; _builder_version=&#8220;4.27.4&#8243; _module_preset=&#8220;default&#8220; global_colors_info=&#8220;{}&#8220;][et_pb_column type=&#8220;1_3&#8243; _builder_version=&#8220;4.27.4&#8243; _module_preset=&#8220;default&#8220; global_colors_info=&#8220;{}&#8220;][et_pb_text _builder_version=&#8220;4.27.4&#8243; _module_preset=&#8220;default&#8220; text_text_color=&#8220;#FFFFFF&#8220; border_color_all=&#8220;#000000&#8243; global_colors_info=&#8220;{}&#8220;]<\/p>\n<p><strong>PHL Soft<\/strong><br \/>31\/35 rue Froideveaux<br \/>75014 Paris<\/p>\n<p>Tel. : 01 88 32 12 34<\/p>\n<p>[\/et_pb_text][\/et_pb_column][et_pb_column type=&#8220;1_3&#8243; _builder_version=&#8220;4.27.4&#8243; _module_preset=&#8220;default&#8220; global_colors_info=&#8220;{}&#8220;][et_pb_text _builder_version=&#8220;4.27.4&#8243; _module_preset=&#8220;default&#8220; text_text_color=&#8220;#FFFFFF&#8220; background_layout=&#8220;dark&#8220; global_colors_info=&#8220;{}&#8220;]<a href=\"https:\/\/www.phlsoft.com\/de\/rechtliche-hinweise\/\" style=\"color:#fff\"><b>Rechtliche Hinweise<\/b><\/a><\/p>\n<p><a href=\"https:\/\/www.phlsoft.com\/de\/datenschutzrichtlinie\/\" style=\"color:#fff\"><b>Datenschutzrichtlinie<\/b><\/a>[\/et_pb_text][\/et_pb_column][et_pb_column type=&#8220;1_3&#8243; _builder_version=&#8220;4.27.4&#8243; _module_preset=&#8220;default&#8220; global_colors_info=&#8220;{}&#8220;][et_pb_social_media_follow _builder_version=&#8220;4.27.4&#8243; background_color=&#8220;RGBA(255,255,255,0)&#8220; text_orientation=&#8220;center&#8220; border_radii=&#8220;on|40px|40px|40px|40px&#8220; global_colors_info=&#8220;{}&#8220;][et_pb_social_media_follow_network social_network=&#8220;linkedin&#8220; url=&#8220;https:\/\/www.linkedin.com\/showcase\/phlsoft-armonie&#8220; _builder_version=&#8220;4.22.2&#8243; background_color=&#8220;#007bb6&#8243; custom_margin=&#8220;|9px||9px||true&#8220; custom_padding=&#8220;6px|6px|6px|6px|true|true&#8220; global_colors_info=&#8220;{}&#8220; follow_button=&#8220;off&#8220; url_new_window=&#8220;on&#8220;]linkedin[\/et_pb_social_media_follow_network][\/et_pb_social_media_follow][\/et_pb_column][\/et_pb_row][\/et_pb_section]<\/p>\n","protected":false},"excerpt":{"rendered":"<p>Best\u00e4tigen Sie Ihre AnwesenheitDer Tag X steht vor der T\u00fcr!Ihre Anmeldung erm\u00f6glicht es uns, Sie unter den besten Bedingungen zu empfangen.PHL SOFT &#8211; Marke Armonie 895 rue de la Vieille Poste 34000 MONTPELLIER 31\/35 rue Froidevaux 75014 PARIS Tel. : 01 88 32 12 34<p class=\"wpcf7-contact-form-not-found\"><strong>Fehler:<\/strong> Kontaktformular wurde nicht gefunden.<\/p>PHL Soft31\/35 [&hellip;]<\/p>\n","protected":false},"author":1,"featured_media":0,"parent":0,"menu_order":0,"comment_status":"closed","ping_status":"closed","template":"","meta":{"_seopress_robots_primary_cat":"","_seopress_titles_title":"","_seopress_titles_desc":"","_seopress_robots_index":"","_et_pb_use_builder":"on","_et_pb_old_content":"","_et_gb_content_width":"","footnotes":""},"class_list":["post-1901","page","type-page","status-publish","hentry"],"_links":{"self":[{"href":"https:\/\/www.phlsoft.com\/de\/wp-json\/wp\/v2\/pages\/1901","targetHints":{"allow":["GET"]}}],"collection":[{"href":"https:\/\/www.phlsoft.com\/de\/wp-json\/wp\/v2\/pages"}],"about":[{"href":"https:\/\/www.phlsoft.com\/de\/wp-json\/wp\/v2\/types\/page"}],"author":[{"embeddable":true,"href":"https:\/\/www.phlsoft.com\/de\/wp-json\/wp\/v2\/users\/1"}],"replies":[{"embeddable":true,"href":"https:\/\/www.phlsoft.com\/de\/wp-json\/wp\/v2\/comments?post=1901"}],"version-history":[{"count":9,"href":"https:\/\/www.phlsoft.com\/de\/wp-json\/wp\/v2\/pages\/1901\/revisions"}],"predecessor-version":[{"id":4085,"href":"https:\/\/www.phlsoft.com\/de\/wp-json\/wp\/v2\/pages\/1901\/revisions\/4085"}],"wp:attachment":[{"href":"https:\/\/www.phlsoft.com\/de\/wp-json\/wp\/v2\/media?parent=1901"}],"curies":[{"name":"wp","href":"https:\/\/api.w.org\/{rel}","templated":true}]}}