{"id":897,"date":"2022-02-14T10:42:40","date_gmt":"2022-02-14T09:42:40","guid":{"rendered":"https:\/\/www.phlsoft.com\/pagina-de-ejemplo\/"},"modified":"2023-10-02T14:36:17","modified_gmt":"2023-10-02T12:36:17","slug":"pagina-de-ejemplo","status":"publish","type":"page","link":"https:\/\/www.phlsoft.com\/es\/pagina-de-ejemplo\/","title":{"rendered":"P\u00e1gina de ejemplo"},"content":{"rendered":"\n<p>Esta es una p\u00e1gina de ejemplo. Es diferente de una entrada de blog porque permanecer\u00e1 en el mismo lugar y aparecer\u00e1 en la navegaci\u00f3n de su sitio (en la mayor\u00eda de los temas). La mayor\u00eda empieza con una p\u00e1gina \u00abAcerca de\u00bb que presenta a las personas que visitan el sitio. Podr\u00eda ser algo as\u00ed:<\/p>\n\n<blockquote class=\"wp-block-quote is-layout-flow wp-block-quote-is-layout-flow\"><p>\u00a1Hola ! Soy un mec\u00e1nico que quiere ser actor, y este es mi sitio web. Vivo en Burdeos, tengo un perro estupendo que se llama Russell y me encanta el vodka (as\u00ed como que me sorprenda la lluvia repentina durante largos paseos por la playa al atardecer).<\/p><\/blockquote>\n\n<p>&#8230;o algo as\u00ed:<\/p>\n\n<blockquote class=\"wp-block-quote is-layout-flow wp-block-quote-is-layout-flow\"><p>123 Machin Truc se fund\u00f3 en 1971, y desde entonces ofrece productos machin-truc de calidad. Situada en Saint-Remy-en-Bouzemont-Saint-Genest-et-Isson, 123 Machin Truc emplea a 2.000 personas y fabrica todo tipo de artilugios geniales para la comunidad de Bouzemont.<\/p><\/blockquote>\n\n<p>Como nuevo usuario de WordPress, debe ir a <a href=\"http:\/\/phlsoft.org\/wp-admin\/\">su panel de control<\/a> para eliminar esta p\u00e1gina y crear nuevas p\u00e1ginas para su contenido. \u00a1Que te diviertas!<\/p>\n","protected":false},"excerpt":{"rendered":"<p>Esta es una p\u00e1gina de ejemplo. Es diferente de una entrada de blog porque permanecer\u00e1 en el mismo lugar y aparecer\u00e1 en la navegaci\u00f3n de su sitio (en la mayor\u00eda de los temas). La mayor\u00eda empieza con una p\u00e1gina \u00abAcerca de\u00bb que presenta a las personas que visitan el sitio. Podr\u00eda ser algo as\u00ed: \u00a1Hola [&hellip;]<\/p>\n","protected":false},"author":1,"featured_media":0,"parent":0,"menu_order":0,"comment_status":"closed","ping_status":"open","template":"","meta":{"_seopress_robots_primary_cat":"","_seopress_titles_title":"","_seopress_titles_desc":"","_seopress_robots_index":"","_et_pb_use_builder":"","_et_pb_old_content":"","_et_gb_content_width":"","footnotes":""},"class_list":["post-897","page","type-page","status-publish","hentry"],"_links":{"self":[{"href":"https:\/\/www.phlsoft.com\/es\/wp-json\/wp\/v2\/pages\/897","targetHints":{"allow":["GET"]}}],"collection":[{"href":"https:\/\/www.phlsoft.com\/es\/wp-json\/wp\/v2\/pages"}],"about":[{"href":"https:\/\/www.phlsoft.com\/es\/wp-json\/wp\/v2\/types\/page"}],"author":[{"embeddable":true,"href":"https:\/\/www.phlsoft.com\/es\/wp-json\/wp\/v2\/users\/1"}],"replies":[{"embeddable":true,"href":"https:\/\/www.phlsoft.com\/es\/wp-json\/wp\/v2\/comments?post=897"}],"version-history":[{"count":1,"href":"https:\/\/www.phlsoft.com\/es\/wp-json\/wp\/v2\/pages\/897\/revisions"}],"predecessor-version":[{"id":901,"href":"https:\/\/www.phlsoft.com\/es\/wp-json\/wp\/v2\/pages\/897\/revisions\/901"}],"wp:attachment":[{"href":"https:\/\/www.phlsoft.com\/es\/wp-json\/wp\/v2\/media?parent=897"}],"curies":[{"name":"wp","href":"https:\/\/api.w.org\/{rel}","templated":true}]}}