{"id":794,"date":"2022-02-14T10:42:40","date_gmt":"2022-02-14T09:42:40","guid":{"rendered":"https:\/\/www.phlsoft.com\/informativa-sulla-privacy\/"},"modified":"2023-09-29T11:27:06","modified_gmt":"2023-09-29T09:27:06","slug":"informativa-sulla-privacy","status":"publish","type":"page","link":"https:\/\/www.phlsoft.com\/it\/informativa-sulla-privacy\/","title":{"rendered":"Informativa sulla privacy"},"content":{"rendered":"&#13;\n<h2 class=\"wp-block-heading\">Chi siamo?<\/h2>&#13;\n&#13;\n<p>L&#8217;indirizzo del nostro sito web \u00e8: http:\/\/phlsoft.com<\/p>&#13;\n&#13;\n<h2 class=\"wp-block-heading\">Commenti<\/h2>&#13;\n&#13;\n<p>Quando lasciate un commento sul nostro sito, i dati inseriti nel modulo di commento, il vostro indirizzo IP e l&#8217;user agent del vostro browser vengono raccolti per aiutarci a individuare i commenti indesiderati.<\/p>&#13;\n&#13;\n<p>Una stringa anonima creata a partire dal vostro indirizzo e-mail (nota anche come hash) pu\u00f2 essere inviata al servizio Gravatar per verificare che lo stiate utilizzando. L&#8217;informativa sulla privacy di Gravatar \u00e8 disponibile qui: https:\/\/automattic.com\/privacy\/. Una volta che il commento \u00e8 stato convalidato, la foto del profilo sar\u00e0 visibile pubblicamente accanto al commento.<\/p>&#13;\n&#13;\n<h2 class=\"wp-block-heading\">Media<\/h2>&#13;\n&#13;\n<p>Se caricate immagini sul sito, vi consigliamo di evitare di caricare immagini contenenti dati EXIF di coordinate GPS. Le persone che visitano il vostro sito possono scaricare ed estrarre i dati di localizzazione da queste immagini.<\/p>&#13;\n&#13;\n<h2 class=\"wp-block-heading\">Biscotti<\/h2>&#13;\n&#13;\n<p>Se lasciate un commento sul nostro sito, vi verr\u00e0 chiesto di salvare il vostro nome, indirizzo e-mail e sito nei cookie. Questo \u00e8 solo per comodit\u00e0, in modo da non dover inserire queste informazioni se si pubblica un altro commento in seguito. Questi cookie scadono dopo un anno.<\/p>&#13;\n&#13;\n<p>Se si accede alla pagina di login, viene creato un cookie temporaneo per determinare se il browser accetta i cookie. Non contiene dati personali e verr\u00e0 cancellato automaticamente alla chiusura del browser.<\/p>&#13;\n&#13;\n<p>Quando l&#8217;utente accede, vengono impostati alcuni cookie per registrare i dati di accesso e le preferenze dello schermo. La durata di un cookie di connessione \u00e8 di due giorni, quella di un cookie di opzione dello schermo \u00e8 di un anno. Se si seleziona &#8220;Ricordami&#8221;, il cookie di connessione verr\u00e0 memorizzato per quindici giorni. Se si esce dal proprio account, il cookie di connessione viene cancellato.<\/p>&#13;\n&#13;\n<p>Modificando o pubblicando una pubblicazione, un ulteriore cookie verr\u00e0 memorizzato nel vostro browser. Questo cookie non contiene dati personali. Indica semplicemente l&#8217;ID della pubblicazione appena modificata. Scade dopo un giorno.<\/p>&#13;\n&#13;\n<h2 class=\"wp-block-heading\">Contenuti incorporati da altri siti<\/h2>&#13;\n&#13;\n<p>Gli articoli di questo sito possono includere contenuti incorporati (ad esempio, video, immagini, articoli, ecc.). I contenuti integrati da altri siti si comportano come se il visitatore stesse visitando l&#8217;altro sito.<\/p>&#13;\n&#13;\n<p>Questi siti web possono raccogliere dati sull&#8217;utente, utilizzare cookie, incorporare strumenti di tracciamento di terze parti e tracciare le interazioni dell&#8217;utente con questi contenuti incorporati se l&#8217;utente ha un account collegato al loro sito web.<\/p>&#13;\n&#13;\n<h2 class=\"wp-block-heading\">Utilizzo e trasmissione dei dati personali<\/h2>&#13;\n&#13;\n<p>Se si richiede la reimpostazione della password, il proprio indirizzo IP sar\u00e0 incluso nell&#8217;e-mail di reimpostazione.<\/p>&#13;\n&#13;\n<h2 class=\"wp-block-heading\">Periodi di conservazione dei dati<\/h2>&#13;\n&#13;\n<p>Se si lascia un commento, il commento e i suoi metadati vengono conservati a tempo indeterminato. In questo modo i commenti successivi vengono riconosciuti e approvati automaticamente, invece di rimanere nella coda di moderazione.<\/p>&#13;\n&#13;\n<p>Per gli account che si registrano sul nostro sito (ove applicabile), memorizziamo anche i dati personali indicati nel loro profilo. Tutti gli account possono visualizzare, modificare o cancellare le proprie informazioni personali in qualsiasi momento (ad eccezione del proprio login). Anche i responsabili del sito possono visualizzare e modificare queste informazioni.<\/p>&#13;\n&#13;\n<h2 class=\"wp-block-heading\">I diritti che avete sui vostri dati<\/h2>&#13;\n&#13;\n<p>Se avete un account o se avete lasciato commenti sul sito, potete richiedere di ricevere un file contenente tutti i dati personali in nostro possesso, compresi quelli che ci avete fornito. Potete anche chiedere la cancellazione dei vostri dati personali. Non sono compresi i dati memorizzati per scopi amministrativi, legali o di sicurezza.<\/p>&#13;\n&#13;\n<h2 class=\"wp-block-heading\">Trasmissione dei dati personali<\/h2>&#13;\n&#13;\n<p>I commenti dei visitatori possono essere controllati con un servizio automatico per individuare i commenti indesiderati.<\/p>&#13;\n","protected":false},"excerpt":{"rendered":"<p>&#13; Chi siamo? &#13; &#13; L&#8217;indirizzo del nostro sito web \u00e8: http:\/\/phlsoft.com &#13; &#13; Commenti &#13; &#13; Quando lasciate un commento sul nostro sito, i dati inseriti nel modulo di commento, il vostro indirizzo IP e l&#8217;user agent del vostro browser vengono raccolti per aiutarci a individuare i commenti indesiderati. &#13; &#13; Una stringa anonima [&hellip;]<\/p>\n","protected":false},"author":1,"featured_media":0,"parent":0,"menu_order":0,"comment_status":"closed","ping_status":"closed","template":"","meta":{"_seopress_robots_primary_cat":"","_seopress_titles_title":"","_seopress_titles_desc":"","_seopress_robots_index":"","_et_pb_use_builder":"","_et_pb_old_content":"","_et_gb_content_width":"","footnotes":""},"class_list":["post-794","page","type-page","status-publish","hentry"],"_links":{"self":[{"href":"https:\/\/www.phlsoft.com\/it\/wp-json\/wp\/v2\/pages\/794","targetHints":{"allow":["GET"]}}],"collection":[{"href":"https:\/\/www.phlsoft.com\/it\/wp-json\/wp\/v2\/pages"}],"about":[{"href":"https:\/\/www.phlsoft.com\/it\/wp-json\/wp\/v2\/types\/page"}],"author":[{"embeddable":true,"href":"https:\/\/www.phlsoft.com\/it\/wp-json\/wp\/v2\/users\/1"}],"replies":[{"embeddable":true,"href":"https:\/\/www.phlsoft.com\/it\/wp-json\/wp\/v2\/comments?post=794"}],"version-history":[{"count":1,"href":"https:\/\/www.phlsoft.com\/it\/wp-json\/wp\/v2\/pages\/794\/revisions"}],"predecessor-version":[{"id":795,"href":"https:\/\/www.phlsoft.com\/it\/wp-json\/wp\/v2\/pages\/794\/revisions\/795"}],"wp:attachment":[{"href":"https:\/\/www.phlsoft.com\/it\/wp-json\/wp\/v2\/media?parent=794"}],"curies":[{"name":"wp","href":"https:\/\/api.w.org\/{rel}","templated":true}]}}